{"id":2883,"date":"2025-10-13T05:28:05","date_gmt":"2025-10-13T05:28:05","guid":{"rendered":"https:\/\/zomato.henceforthsolutions.com\/suppression-de-compte\/"},"modified":"2025-11-12T10:14:25","modified_gmt":"2025-11-12T10:14:25","slug":"suppression-de-compte","status":"publish","type":"page","link":"https:\/\/dev.zomato.henceforthsolutions.com\/fr\/suppression-de-compte\/","title":{"rendered":"Suppression de compte"},"content":{"rendered":"\t\t<div data-elementor-type=\"wp-page\" data-elementor-id=\"2883\" class=\"elementor elementor-2883 elementor-1682\" data-elementor-post-type=\"page\">\n\t\t\t\t<div class=\"elementor-element elementor-element-93f4a7e e-flex e-con-boxed e-con e-parent\" data-id=\"93f4a7e\" data-element_type=\"container\">\n\t\t\t\t\t<div class=\"e-con-inner\">\n\t\t\t\t<div class=\"elementor-element elementor-element-58830f9 elementor-widget elementor-widget-text-editor\" data-id=\"58830f9\" data-element_type=\"widget\" data-widget_type=\"text-editor.default\">\n\t\t\t\t\t\t\t\t\t<div class=\"ant-col ant-col-24 css-5547xl\"><h1 class=\"text-3xl font-bold text-gray-900\">Supprimez votre compte \u2013 ReadyEats<\/h1><p class=\"mt-4 mb-4 text-gray-700\">Chez ReadyEats, nous accordons une grande importance \u00e0 votre vie priv\u00e9e et vous proposons un moyen simple de supprimer votre compte et vos donn\u00e9es personnelles. Si vous ne souhaitez plus utiliser nos services, suivez les instructions ci-dessous.<\/p><h2 class=\"mt-6 text-2xl font-semibold text-gray-900\">Comment supprimer votre compte<\/h2><h3 class=\"mt-4 text-xl font-semibold text-gray-800\">Option 1 : Supprimer de l\u2019application<\/h3><ol class=\"list-decimal ml-5 mt-2 text-gray-700\"><li>Ouvrez l&rsquo;application ReadyEats.<\/li><li>Allez dans Profil &gt; Modifier les informations personnelles et cliquez sur le menu.<\/li><li>Appuyez sur \u00ab Supprimer mon compte \u00bb et suivez les instructions \u00e0 l&rsquo;\u00e9cran.<\/li><li>Votre compte et toutes les donn\u00e9es associ\u00e9es seront d\u00e9finitivement supprim\u00e9s.<\/li><\/ol><h3 class=\"mt-6 text-xl font-semibold text-gray-800\">Option 2 : Demande de suppression par courriel<\/h3><p class=\"mt-2 text-gray-700\">Si vous ne parvenez pas \u00e0 supprimer votre compte depuis l&rsquo;application, vous pouvez en faire la demande par e-mail.<\/p><p class=\"mt-2 text-blue-600 font-semibold\">Envoyez-nous un courriel \u00e0 : <a class=\"underline\" href=\"mailto:info@henceforthsolutions.com\">info@henceforthsolutions.com<\/a><\/p><p class=\"mt-2\">Objet : Demande de suppression de compte<\/p><p class=\"mt-1\"><strong>Inclure:<\/strong><\/p><ul class=\"list-disc ml-5 text-gray-700\"><li>Votre num\u00e9ro de t\u00e9l\u00e9phone ou votre adresse e-mail enregistr\u00e9s<\/li><li>Motif de la suppression (facultatif)<\/li><\/ul><h2 class=\"mt-6 text-2xl font-semibold text-gray-900\">Besoin d&rsquo;aide ?<\/h2><p class=\"mt-2 text-gray-700\">Pour obtenir de l&rsquo;aide, contactez-nous \u00e0 <a class=\"text-blue-600 underline\" href=\"mailto:info@henceforthsolutions.com\">info@henceforthsolutions.com<\/a>.<\/p><\/div>\t\t\t\t\t\t\t\t<\/div>\n\t\t\t\t\t<\/div>\n\t\t\t\t<\/div>\n\t\t\t\t<\/div>\n\t\t","protected":false},"excerpt":{"rendered":"<p>Supprimez votre compte \u2013 ReadyEats Chez ReadyEats, nous accordons une grande importance \u00e0 votre vie priv\u00e9e et vous proposons un moyen simple de supprimer votre compte et vos donn\u00e9es personnelles. Si vous ne souhaitez plus utiliser nos services, suivez les instructions ci-dessous. Comment supprimer votre compte Option 1 : Supprimer de l\u2019application Ouvrez l&rsquo;application ReadyEats. [&hellip;]<\/p>\n","protected":false},"author":1,"featured_media":0,"parent":0,"menu_order":0,"comment_status":"closed","ping_status":"closed","template":"","meta":{"footnotes":""},"class_list":["post-2883","page","type-page","status-publish","hentry"],"_links":{"self":[{"href":"https:\/\/dev.zomato.henceforthsolutions.com\/fr\/wp-json\/wp\/v2\/pages\/2883","targetHints":{"allow":["GET"]}}],"collection":[{"href":"https:\/\/dev.zomato.henceforthsolutions.com\/fr\/wp-json\/wp\/v2\/pages"}],"about":[{"href":"https:\/\/dev.zomato.henceforthsolutions.com\/fr\/wp-json\/wp\/v2\/types\/page"}],"author":[{"embeddable":true,"href":"https:\/\/dev.zomato.henceforthsolutions.com\/fr\/wp-json\/wp\/v2\/users\/1"}],"replies":[{"embeddable":true,"href":"https:\/\/dev.zomato.henceforthsolutions.com\/fr\/wp-json\/wp\/v2\/comments?post=2883"}],"version-history":[{"count":1,"href":"https:\/\/dev.zomato.henceforthsolutions.com\/fr\/wp-json\/wp\/v2\/pages\/2883\/revisions"}],"predecessor-version":[{"id":2887,"href":"https:\/\/dev.zomato.henceforthsolutions.com\/fr\/wp-json\/wp\/v2\/pages\/2883\/revisions\/2887"}],"wp:attachment":[{"href":"https:\/\/dev.zomato.henceforthsolutions.com\/fr\/wp-json\/wp\/v2\/media?parent=2883"}],"curies":[{"name":"wp","href":"https:\/\/api.w.org\/{rel}","templated":true}]}}