{"id":2895,"date":"2025-10-13T05:28:05","date_gmt":"2025-10-13T05:28:05","guid":{"rendered":"https:\/\/zomato.henceforthsolutions.com\/eliminacion-de-cuenta\/"},"modified":"2025-11-12T10:19:32","modified_gmt":"2025-11-12T10:19:32","slug":"eliminacion-de-cuenta","status":"publish","type":"page","link":"https:\/\/dev.zomato.henceforthsolutions.com\/es\/eliminacion-de-cuenta\/","title":{"rendered":"Eliminaci\u00f3n de cuenta"},"content":{"rendered":"\t\t<div data-elementor-type=\"wp-page\" data-elementor-id=\"2895\" class=\"elementor elementor-2895 elementor-1682\" data-elementor-post-type=\"page\">\n\t\t\t\t<div class=\"elementor-element elementor-element-93f4a7e e-flex e-con-boxed e-con e-parent\" data-id=\"93f4a7e\" data-element_type=\"container\">\n\t\t\t\t\t<div class=\"e-con-inner\">\n\t\t\t\t<div class=\"elementor-element elementor-element-58830f9 elementor-widget elementor-widget-text-editor\" data-id=\"58830f9\" data-element_type=\"widget\" data-widget_type=\"text-editor.default\">\n\t\t\t\t\t\t\t\t\t<div class=\"ant-col ant-col-24 css-5547xl\"><h1 class=\"text-3xl font-bold text-gray-900\">Elimina tu cuenta \u2013 ReadyEats<\/h1><p class=\"mt-4 mb-4 text-gray-700\">En ReadyEats, valoramos tu privacidad y te ofrecemos una forma sencilla de eliminar tu cuenta y tus datos personales. Si ya no deseas utilizar nuestros servicios, sigue las instrucciones a continuaci\u00f3n. <\/p><h2 class=\"mt-6 text-2xl font-semibold text-gray-900\">C\u00f3mo eliminar tu cuenta<\/h2><h3 class=\"mt-4 text-xl font-semibold text-gray-800\">Opci\u00f3n 1: Eliminar de la aplicaci\u00f3n<\/h3><ol class=\"list-decimal ml-5 mt-2 text-gray-700\"><li>Abre la aplicaci\u00f3n ReadyEats.<\/li><li>Ve a Perfil &gt; Editar informaci\u00f3n personal y haz clic en el men\u00fa.<\/li><li>Pulsa en Eliminar mi cuenta y sigue las instrucciones en pantalla.<\/li><li>Tu cuenta y todos los datos asociados ser\u00e1n eliminados permanentemente.<\/li><\/ol><h3 class=\"mt-6 text-xl font-semibold text-gray-800\">Opci\u00f3n 2: Solicitar la eliminaci\u00f3n por correo electr\u00f3nico<\/h3><p class=\"mt-2 text-gray-700\">Si no puedes eliminar tu cuenta desde la aplicaci\u00f3n, puedes solicitar la eliminaci\u00f3n por correo electr\u00f3nico.<\/p><p class=\"mt-2 text-blue-600 font-semibold\">Env\u00edenos un correo electr\u00f3nico a: <a class=\"underline\" href=\"mailto:info@henceforthsolutions.com\">info@henceforthsolutions.com<\/a><\/p><p class=\"mt-2\">Asunto: Solicitud de eliminaci\u00f3n de cuenta<\/p><p class=\"mt-1\"><strong>Incluir:<\/strong><\/p><ul class=\"list-disc ml-5 text-gray-700\"><li>Su n\u00famero de tel\u00e9fono o correo electr\u00f3nico registrado<\/li><li>Motivo de la eliminaci\u00f3n (opcional)<\/li><\/ul><h2 class=\"mt-6 text-2xl font-semibold text-gray-900\">\u00bfNecesitar ayuda?<\/h2><p class=\"mt-2 text-gray-700\">Para obtener ayuda, p\u00f3ngase en contacto con nosotros en <a class=\"text-blue-600 underline\" href=\"mailto:info@henceforthsolutions.com\">info@henceforthsolutions.com<\/a>.<\/p><\/div>\t\t\t\t\t\t\t\t<\/div>\n\t\t\t\t\t<\/div>\n\t\t\t\t<\/div>\n\t\t\t\t<\/div>\n\t\t","protected":false},"excerpt":{"rendered":"<p>Elimina tu cuenta \u2013 ReadyEats En ReadyEats, valoramos tu privacidad y te ofrecemos una forma sencilla de eliminar tu cuenta y tus datos personales. Si ya no deseas utilizar nuestros servicios, sigue las instrucciones a continuaci\u00f3n. C\u00f3mo eliminar tu cuenta Opci\u00f3n 1: Eliminar de la aplicaci\u00f3n Abre la aplicaci\u00f3n ReadyEats. Ve a Perfil &gt; Editar [&hellip;]<\/p>\n","protected":false},"author":1,"featured_media":0,"parent":0,"menu_order":0,"comment_status":"closed","ping_status":"closed","template":"","meta":{"footnotes":""},"class_list":["post-2895","page","type-page","status-publish","hentry"],"_links":{"self":[{"href":"https:\/\/dev.zomato.henceforthsolutions.com\/es\/wp-json\/wp\/v2\/pages\/2895","targetHints":{"allow":["GET"]}}],"collection":[{"href":"https:\/\/dev.zomato.henceforthsolutions.com\/es\/wp-json\/wp\/v2\/pages"}],"about":[{"href":"https:\/\/dev.zomato.henceforthsolutions.com\/es\/wp-json\/wp\/v2\/types\/page"}],"author":[{"embeddable":true,"href":"https:\/\/dev.zomato.henceforthsolutions.com\/es\/wp-json\/wp\/v2\/users\/1"}],"replies":[{"embeddable":true,"href":"https:\/\/dev.zomato.henceforthsolutions.com\/es\/wp-json\/wp\/v2\/comments?post=2895"}],"version-history":[{"count":1,"href":"https:\/\/dev.zomato.henceforthsolutions.com\/es\/wp-json\/wp\/v2\/pages\/2895\/revisions"}],"predecessor-version":[{"id":2899,"href":"https:\/\/dev.zomato.henceforthsolutions.com\/es\/wp-json\/wp\/v2\/pages\/2895\/revisions\/2899"}],"wp:attachment":[{"href":"https:\/\/dev.zomato.henceforthsolutions.com\/es\/wp-json\/wp\/v2\/media?parent=2895"}],"curies":[{"name":"wp","href":"https:\/\/api.w.org\/{rel}","templated":true}]}}